{"id":7555,"date":"2021-09-10T15:48:55","date_gmt":"2021-09-10T15:48:55","guid":{"rendered":"https:\/\/www.ksimetall.com\/aviso-legal\/"},"modified":"2021-09-14T10:15:46","modified_gmt":"2021-09-14T10:15:46","slug":"aviso-legal","status":"publish","type":"page","link":"https:\/\/www.ksimetall.com\/es\/aviso-legal\/","title":{"rendered":"Aviso Legal"},"content":{"rendered":"\n[et_pb_section fb_built=\u00bb1&#8243; admin_label=\u00bbContact Section\u00bb _builder_version=\u00bb4.4.1&#8243; background_color=\u00bb#ffde14&#8243; background_enable_image=\u00bboff\u00bb background_position=\u00bbbottom_center\u00bb custom_padding=\u00bb60px|0px|60px|0px|false|false\u00bb saved_tabs=\u00bball\u00bb global_colors_info=\u00bb{}\u00bb][et_pb_row _builder_version=\u00bb4.4.5&#8243; global_colors_info=\u00bb{}\u00bb][et_pb_column type=\u00bb4_4&#8243; _builder_version=\u00bb4.4.5&#8243; global_colors_info=\u00bb{}\u00bb][et_pb_text _builder_version=\u00bb4.9.11&#8243; text_font=\u00bbGT-Walsheim-Regular-ttf||||||||\u00bb text_text_color=\u00bb#000000&#8243; text_font_size=\u00bb18px\u00bb text_line_height=\u00bb1.3em\u00bb link_font=\u00bbGT-Walsheim-Regular-ttf||||||||\u00bb header_font=\u00bbGT-Walsheim-Regular-ttf||||||||\u00bb header_font_size=\u00bb25px\u00bb custom_margin=\u00bb||||false|false\u00bb hover_enabled=\u00bb0&#8243; text_font_size_tablet=\u00bb18px\u00bb text_font_size_phone=\u00bb17px\u00bb text_font_size_last_edited=\u00bbon|phone\u00bb global_colors_info=\u00bb{}\u00bb sticky_enabled=\u00bb0&#8243;]<h1><span style=\"text-decoration: underline; text-decoration-color: white; color: #000000;\">Impressum ksimetall.com &#8211; K\u00f6tter und Sperber Industrietechnik GmbH<\/span><\/h1>\r\n<p>&nbsp;<\/p>\r\n<p>Auf dieser Seite finden Sie alle Informationen, um schnell und unb\u00fcrokratisch Kontakt mit uns aufzunehmen. Wenn Sie uns besuchen m\u00f6chten, bitten wir Sie vorher einen Termin abzustimmen.<\/p>\r\n<p><strong>Anschrift<\/strong><\/p>\r\n<p>K\u00f6tter und Sperber Industrietechnik GmbH<br \/>Borsigstr. 13<br \/>42781 Haan<\/p>\r\n<p>Telefon: 02129 \/ 37 968 43<br \/>Telefax: 02129 \/ 37 968 44<br \/>E-Mail: <a href=\"mailto:office@ksimetall.de\">office@ksimetall.de<\/a><\/p>\r\n<p><strong>Wer steckt dahinter?<\/strong><\/p>\r\n<p>Ust-IdNr: DE176156958<br \/>Steuernr.: 135\/5742\/2037<br \/>Handelsregister: Amtsgericht WuppertalHRB 8820<br \/>Vertretungsberechtigt gem\u00e4\u00df Handelsregister ist:J\u00fcrgen K\u00f6tter (E-Mail wie oben)<\/p>\r\n<p><strong>Rechtliches<\/strong><\/p>\r\n<p>Im folgenden erhalten Sie Informationen zu Urheberrecht und Datenschutz. Weiterhin finden Sie hier den Haftungsausschluss f\u00fcr die auf dieser Webseite hinterlegten Informationen sowie die Distanzierung von Inhalten extern verlinkter Seiten, deren Inhalt zwischenzeitlich \u2013 nach der Erstellung dieser Homepage \u2013 ver\u00e4ndert wurde.<\/p>\r\n<p><strong>Urheberrechte<\/strong><\/p>\r\n<p>Die KSI K\u00f6tter und Sperber Industrietechnik GmbH ist bestrebt, in allen Publikationen die Urheberrechte der verwendeten Grafiken, Tondokumente, Videosequenzen und Texte zu beachten. Alle innerhalb des Internetangebots genannten und ggf. durch Dritte gesch\u00fctzten Marken unterliegen uneingeschr\u00e4nkt den Bestimmungen des jeweils g\u00fcltigen Kennzeichenrechts und den Eigentumsrechten der jeweiligen eingetragenen Eigent\u00fcmer.<\/p>\r\n<p><strong>Datenschutz<\/strong><\/p>\r\n<p>Das Internet ist kein 100-prozentig sicheres System. Grunds\u00e4tzlich sollten Sie sich daher immer \u00fcberlegen, welche Informationen Sie online weitergeben.Wir ben\u00f6tigen Informationen, damit wir unsere Dienstleistungen f\u00fcr Sie verbessern k\u00f6nnen. Wir wollen unsere Produkte und Dienstleistungen noch besser auf Ihre speziellen Bed\u00fcrfnisse abstimmen k\u00f6nnen.Die KSI K\u00f6tter und Sperber Industrietechnik GmbH achtet auf die Privatsph\u00e4re aller Personen, die ihre Webseiten besuchen. Alle von Ihnen hier freiwillig zur Verf\u00fcgung gestellten pers\u00f6nlichen Daten werden ausschlie\u00dflich dazu benutzt, um Ihnen<\/p>\r\n<p>1. die gew\u00fcnschten Dienstleistungen zu erbringen und<\/p>\r\n<p>2. um Sie auch weiterhin \u00fcber weitere Kontakte etwa \u00fcber neue Produkte und\/oder Verbesserungen der Dienstleistungen und Produkte der KSI K\u00f6tter und Sperber Industrietechnik GmbH zu unterrichten.<\/p>\r\n<p>Dazu werden die Informationen zweckentsprechend verwendet.Die von Ihnen gegebenen pers\u00f6nlichen Daten werden niemandem au\u00dferhalb der KSI K\u00f6tter und Sperber Industrietechnik GmbH zur Verf\u00fcgung gestellt. Die Informationen werden entsprechend den geltenden gesetzlichen Bestimmungen zum Datenschutz vertraulich behandelt, verarbeitet und genutzt.<\/p>\r\n<p><strong>Haftungsausschlu\u00df f\u00fcr Homepage-Infos<\/strong><\/p>\r\n<p>Die KSI K\u00f6tter und Sperber Industrietechnik GmbH \u00fcbernimmt keinerlei Gew\u00e4hr f\u00fcr die Vollst\u00e4ndigkeit, Aktualit\u00e4t oder Qualit\u00e4t der bereitgestellten Informationen. Haftungsanspr\u00fcche gegen die KSI K\u00f6tter und Sperber Industrietechnik GmbH f\u00fcr Sch\u00e4den, die durch die Nutzung oder Nichtnutzung der dargebotenen Informationen bzw. durch die Nutzung fehlerhafter und unvollst\u00e4ndiger Informationen verursacht wurden, sind ausgeschlossen.<\/p>\r\n<p><strong>Haftungsausschlu\u00df f\u00fcr Links<\/strong><\/p>\r\n<p>Inhalte auf fremden Internetseiten, auf die durch direkte oder indirekte Links verwiesen wird, liegen au\u00dferhalb des Verantwortungsbereiches der KSI K\u00f6tter und Sperber Industrietechnik GmbH. Die KSI K\u00f6tter und Sperber Industrietechnik GmbH erkl\u00e4rt, dass zum Zeitpunkt der Linksetzung die entsprechenden verlinkten Seiten frei von unzul\u00e4ssigen Inhalten waren. Sollten nach der Verlinkung nachtr\u00e4glich unzul\u00e4ssige Inhalte eingebracht werden, distanziert sich die KSI K\u00f6tter und Sperber Industrietechnik GmbH ausdr\u00fccklich von entsprechenden Inhalten. Nach Kenntnisnahme wird die KSI K\u00f6tter und Sperber Industrietechnik GmbH entsprechende Links unverz\u00fcglich entfernen.<\/p>[\/et_pb_text][\/et_pb_column][\/et_pb_row][\/et_pb_section]\n","protected":false},"excerpt":{"rendered":"<p>Impressum ksimetall.com &#8211; K\u00f6tter und Sperber Industrietechnik GmbH &nbsp; Auf dieser Seite finden Sie alle Informationen, um schnell und unb\u00fcrokratisch Kontakt mit uns aufzunehmen. Wenn Sie uns besuchen m\u00f6chten, bitten wir Sie vorher einen Termin abzustimmen. Anschrift K\u00f6tter und Sperber Industrietechnik GmbHBorsigstr. 1342781 Haan Telefon: 02129 \/ 37 968 43Telefax: 02129 \/ 37 968 44E-Mail: [&hellip;]<\/p>\n","protected":false},"author":1,"featured_media":0,"parent":0,"menu_order":0,"comment_status":"closed","ping_status":"closed","template":"","meta":{"_et_pb_use_builder":"on","_et_pb_old_content":"","_et_gb_content_width":"","footnotes":""},"class_list":["post-7555","page","type-page","status-publish","hentry"],"_links":{"self":[{"href":"https:\/\/www.ksimetall.com\/es\/wp-json\/wp\/v2\/pages\/7555","targetHints":{"allow":["GET"]}}],"collection":[{"href":"https:\/\/www.ksimetall.com\/es\/wp-json\/wp\/v2\/pages"}],"about":[{"href":"https:\/\/www.ksimetall.com\/es\/wp-json\/wp\/v2\/types\/page"}],"author":[{"embeddable":true,"href":"https:\/\/www.ksimetall.com\/es\/wp-json\/wp\/v2\/users\/1"}],"replies":[{"embeddable":true,"href":"https:\/\/www.ksimetall.com\/es\/wp-json\/wp\/v2\/comments?post=7555"}],"version-history":[{"count":8,"href":"https:\/\/www.ksimetall.com\/es\/wp-json\/wp\/v2\/pages\/7555\/revisions"}],"predecessor-version":[{"id":8035,"href":"https:\/\/www.ksimetall.com\/es\/wp-json\/wp\/v2\/pages\/7555\/revisions\/8035"}],"wp:attachment":[{"href":"https:\/\/www.ksimetall.com\/es\/wp-json\/wp\/v2\/media?parent=7555"}],"curies":[{"name":"wp","href":"https:\/\/api.w.org\/{rel}","templated":true}]}}